{"id":8457,"date":"2018-03-16T07:14:33","date_gmt":"2018-03-16T07:14:33","guid":{"rendered":"https:\/\/enovathemes.com\/samatex\/?page_id=8457"},"modified":"2025-07-02T10:25:27","modified_gmt":"2025-07-02T10:25:27","slug":"produits","status":"publish","type":"page","link":"https:\/\/soexplast.com\/ar\/produits\/","title":{"rendered":"NOS PRODUITS"},"content":{"rendered":"<div class=\"wpb-content-wrapper\"><div class=\"vc_row wpb_row vc_row-fluid vc_custom_1548671396464 vc_column-gap-24 vc-row-867113\" >\n\t<div class=\"container et-clearfix\">\n\t\t<div class=\"wpb_column vc_column_container vc_col-sm-12 text-align-none\" >\n\t<div class=\"vc_column-inner\" >\n\t\t<div class=\"wpb_wrapper\">\n\t\t\t\t\t<\/div>\n\t\t\t<\/div>\n<\/div>\t<\/div>\n\t\t<\/div><div data-top-gradient=\"true\" data-grid-overlay=\"black\" class=\"vc_row wpb_row vc_row-fluid vc_rowbackground-cover-767 vc_rowbackground-cover-768-1024 content-box-padding vc_custom_1548241884458 vc_row-has-fill vc-row-42619 grid-overlay-active\" >\n\t<div class=\"container et-clearfix\">\n\t\t<div class=\"wpb_column vc_column_container vc_col-sm-12 text-align-none vc-column-456489\" >\n\t<div class=\"vc_column-inner\" data-768-1024-left=\"20\"  data-768-1024-right=\"20\" >\n\t\t<div class=\"wpb_wrapper\">\n\t\t\t<p class=\"et-highlight-heading text-align-left tablet-text-align-inherit mobile-text-align-inherit\" id=\"et-highlight-heading-686415\" data-mobile-font=\"inherit\" data-mobile-line-height=\"inherit\" data-tablet-landscape-font=\"inherit\" data-tablet-portrait-font=\"inherit\" data-tablet-landscape-line-height=\"inherit\" data-tablet-portrait-line-height=\"inherit\" data-parallax=\"false\" data-move=\"false\" data-coordinatex=\"0\" data-coordinatey=\"0\" data-speed=\"10\"><span class=\"text-wrapper\"><span class=\"text\">NOS PRODUITS<\/span><\/span><\/p><div id=\"et-icon-box-container-325125\" class=\"column-3 et-icon-box-container et-item-set effect-moveUp animation-type-sequential shadow top\"><div id=\"et-icon-box-196900\" class=\"link et-icon-box et-item icon-position-top icon-alignment-left hover-transform\" data-parallax=\"false\" data-move=\"false\" data-coordinatex=\"0\" data-coordinatey=\"0\" data-speed=\"10\"><div class=\"et-icon-box-inner et-item-inner et-clearfix\"><a href=\"#link\"><div class=\"et-icon-content et-clearfix\"><h4 class=\"et-icon-box-title\">\u0623\u0641\u0644\u0627\u0645 \u0642\u0627\u0628\u0644\u0629 \u0644\u0644\u0627\u0646\u0643\u0645\u0627\u0634 \u0628\u0627\u0644\u062d\u0631\u0627\u0631\u0629<\/h4><p class=\"et-icon-box-content\"><span style=\"font-weight: 600;\"><img loading=\"lazy\" decoding=\"async\" class=\"alignnone size-medium wp-image-17879\" src=\"https:\/\/soexplast.com\/wp-content\/uploads\/film-retractable-polyolefine-1-1-300x300.jpg\" alt=\"\" width=\"300\" height=\"300\" \/><span class=\"et-font-size\" data-fontsize=\"18px\" data-lineheight=\"28px\"><\/span><\/p>\n<p><span style=\"font-weight: 400;\">\u0623\u0641\u0644\u0627\u0645 \u0639\u0627\u0644\u064a\u0629 \u0627\u0644\u062c\u0648\u062f\u0629 \u062a\u0633\u062a\u062e\u062f\u0645 \u0644\u062a\u063a\u0644\u064a\u0641 \u0648\u0639\u0631\u0636 \u0627\u0644\u0645\u0646\u062a\u062c\u0627\u062a \u0628\u0634\u0643\u0644 \u0627\u062d\u062a\u0631\u0627\u0641\u064a. \u062a\u062a\u0645\u064a\u0632 \u0628\u0627\u0644\u0642\u062f\u0631\u0629 \u0639\u0644\u0649 \u0627\u0644\u062a\u0642\u0644\u0635 \u0648\u0627\u0644\u062a\u0643\u064a\u0641 \u0645\u0639 \u0634\u0643\u0644 \u0627\u0644\u0623\u062c\u0633\u0627\u0645 \u0639\u0646\u062f \u062a\u0639\u0631\u064a\u0636\u0647\u0627 \u0644\u0644\u062d\u0631\u0627\u0631\u0629\u060c \u0645\u0645\u0627 \u064a\u0648\u0641\u0631 \u062d\u0645\u0627\u064a\u0629 \u0645\u0646 \u0627\u0644\u0623\u0636\u0631\u0627\u0631 \u0627\u0644\u0641\u064a\u0632\u064a\u0627\u0626\u064a\u0629\u060c \u0627\u0644\u063a\u0628\u0627\u0631\u060c \u0648\u0627\u0644\u0631\u0637\u0648\u0628\u0629\u060c \u0648\u064a\u0636\u0645\u0646 \u0627\u0633\u062a\u0642\u0631\u0627\u0631 \u0627\u0644\u0628\u0636\u0627\u0626\u0639 \u0623\u062b\u0646\u0627\u0621 \u0627\u0644\u0646\u0642\u0644.<\/span><\/p>\n<p><span style=\"font-weight: 600;\">.<\/span><\/span><\/p><\/div><\/a><\/div><\/div><div id=\"et-icon-box-530359\" class=\"link et-icon-box et-item icon-position-top icon-alignment-left hover-transform\" data-parallax=\"false\" data-move=\"false\" data-coordinatex=\"0\" data-coordinatey=\"0\" data-speed=\"10\"><div class=\"et-icon-box-inner et-item-inner et-clearfix\"><a href=\"#link\"><div class=\"et-icon-content et-clearfix\"><h4 class=\"et-icon-box-title\">\u0641\u064a\u0644\u0645 \u0645\u0645\u062a\u062f<\/h4><p class=\"et-icon-box-content\"><span style=\"font-weight: 400;\"><img loading=\"lazy\" decoding=\"async\" class=\"alignnone size-medium wp-image-18205\" src=\"https:\/\/soexplast.com\/wp-content\/uploads\/WhatsApp-Image-2025-04-14-at-14.23.57-300x300.jpeg\" alt=\"\" width=\"300\" height=\"300\" \/>\u0645\u0635\u0646\u0648\u0639\u0629 \u0645\u0646 \u0645\u0648\u0627\u062f \u0642\u0627\u0628\u0644\u0629 \u0644\u0644\u062a\u0645\u062f\u062f\u060c \u0645\u0635\u0645\u0645\u0629 \u0644\u062a\u063a\u0637\u064a\u0629 \u0627\u0644\u0623\u0634\u064a\u0627\u0621 \u0628\u0627\u0644\u0643\u0627\u0645\u0644 \u0648\u0645\u0642\u0627\u0648\u0645\u0629 \u0627\u0644\u062a\u0645\u0632\u0642 \u0648\u0627\u0644\u062e\u062f\u0648\u0634. \u0643\u0645\u0627 \u0623\u0646\u0647\u0627 \u0645\u0642\u0627\u0648\u0645\u0629 \u0644\u0644\u0645\u0648\u0627\u062f \u0627\u0644\u0643\u064a\u0645\u064a\u0627\u0626\u064a\u0629\u060c \u0645\u0645\u0627 \u064a\u062c\u0639\u0644\u0647\u0627 \u0635\u062f\u064a\u0642\u0629 \u0644\u0644\u0628\u064a\u0626\u0629.<\/span><\/p><\/div><\/a><\/div><\/div><div id=\"et-icon-box-637320\" class=\"link et-icon-box et-item icon-position-top icon-alignment-left hover-transform\" data-parallax=\"false\" data-move=\"false\" data-coordinatex=\"0\" data-coordinatey=\"0\" data-speed=\"10\"><div class=\"et-icon-box-inner et-item-inner et-clearfix\"><a href=\"#link\"><div class=\"et-icon-content et-clearfix\"><h4 class=\"et-icon-box-title\">\u0623\u0643\u064a\u0627\u0633 \u0627\u0644\u062d\u0644\u064a\u0628 \u0627\u0644\u0628\u0644\u0627\u0633\u062a\u064a\u0643\u064a\u0629<\/h4><p class=\"et-icon-box-content\"><span style=\"font-weight: 400;\"><img loading=\"lazy\" decoding=\"async\" class=\"alignnone size-medium wp-image-17881\" src=\"https:\/\/soexplast.com\/wp-content\/uploads\/film_pochette_lait_5dcd001d2a7d30.85332931-2-300x225.jpg\" alt=\"\" width=\"300\" height=\"225\" \/>\u0646\u0648\u0639 \u062e\u0627\u0635 \u0645\u0646 \u0627\u0644\u062a\u0639\u0628\u0626\u0629 \u0627\u0644\u0628\u0644\u0627\u0633\u062a\u064a\u0643\u064a\u0629 \u0645\u0635\u0645\u0645 \u0644\u062d\u0641\u0638 \u0627\u0644\u062d\u0644\u064a\u0628 \u0648\u0627\u0644\u0633\u0648\u0627\u0626\u0644 \u0627\u0644\u063a\u0630\u0627\u0626\u064a\u0629 \u0627\u0644\u0623\u062e\u0631\u0649\u060c \u0645\u0635\u0646\u0648\u0639 \u0645\u0646 \u0627\u0644\u0628\u0648\u0644\u064a \u0625\u064a\u062b\u064a\u0644\u064a\u0646 \u0645\u0646\u062e\u0641\u0636 \u0627\u0644\u0643\u062b\u0627\u0641\u0629\u060c \u0645\u0642\u0627\u0648\u0645 \u0644\u0644\u062a\u0633\u0631\u0628 \u0648\u064a\u062d\u0627\u0641\u0638 \u0639\u0644\u0649 \u0646\u0636\u0627\u0631\u0629 \u0627\u0644\u062d\u0644\u064a\u0628.\u00a0<\/span><\/p><\/div><\/a><\/div><\/div><div id=\"et-icon-box-504129\" class=\"link et-icon-box et-item icon-position-top icon-alignment-left hover-transform\" data-parallax=\"false\" data-move=\"false\" data-coordinatex=\"0\" data-coordinatey=\"0\" data-speed=\"10\"><div class=\"et-icon-box-inner et-item-inner et-clearfix\"><a href=\"#link\"><div class=\"et-icon-content et-clearfix\"><h4 class=\"et-icon-box-title\">\u0627\u0644\u0623\u0641\u0644\u0627\u0645 \u0627\u0644\u0632\u0631\u0627\u0639\u064a\u0629<\/h4><p class=\"et-icon-box-content\"><span style=\"font-weight: 400;\"><img loading=\"lazy\" decoding=\"async\" class=\"alignnone size-full wp-image-17882\" src=\"https:\/\/soexplast.com\/wp-content\/uploads\/agricultural-mulch-film24174214285-300x300-1.jpg\" alt=\"\" width=\"300\" height=\"300\" \/>\u00a0<\/span><\/p>\n<p><span style=\"font-weight: 400;\">\u0645\u0635\u0645\u0645\u0629 \u062e\u0635\u064a\u0635\u064b\u0627 \u0644\u0644\u062a\u0637\u0628\u064a\u0642\u0627\u062a \u0627\u0644\u0632\u0631\u0627\u0639\u064a\u0629\u060c \u062a\u0648\u0641\u0631 \u062d\u0645\u0627\u064a\u0629 \u0645\u062b\u0627\u0644\u064a\u0629 \u0644\u0644\u0645\u062d\u0627\u0635\u064a\u0644 \u0648\u062a\u0634\u0645\u0644 \u0623\u0646\u0648\u0627\u0639\u064b\u0627 \u0645\u062d\u0627\u064a\u062f\u0629 \u0648\u0633\u0648\u062f\u0627\u0621 \u0648\u0623\u0641\u0644\u0627\u0645 \u0645\u062e\u0635\u0635\u0629 \u0644\u0644\u0628\u064a\u0648\u062a \u0627\u0644\u0645\u062d\u0645\u064a\u0629.<\/span><\/p><\/div><\/a><\/div><\/div><div id=\"et-icon-box-5806\" class=\"link et-icon-box et-item icon-position-top icon-alignment-left hover-transform\" data-parallax=\"false\" data-move=\"false\" data-coordinatex=\"0\" data-coordinatey=\"0\" data-speed=\"10\"><div class=\"et-icon-box-inner et-item-inner et-clearfix\"><a href=\"#link\"><div class=\"et-icon-content et-clearfix\"><h4 class=\"et-icon-box-title\">\u0623\u0643\u064a\u0627\u0633 \u0627\u0644\u062a\u063a\u0644\u064a\u0641 \u0648\u0627\u0644\u0642\u0646\u0648\u0627\u062a \u0627\u0644\u0628\u0644\u0627\u0633\u062a\u064a\u0643\u064a\u0629<\/h4><p class=\"et-icon-box-content\"><span style=\"font-weight: 400;\"><img loading=\"lazy\" decoding=\"async\" class=\"alignnone size-full wp-image-17883\" src=\"https:\/\/soexplast.com\/wp-content\/uploads\/gaine-polyethylene-pe-30-microns-1-300x201-1.jpg\" alt=\"\" width=\"300\" height=\"201\" \/>\u062d\u0644\u0648\u0644 \u0639\u0645\u0644\u064a\u0629 \u0648\u0622\u0645\u0646\u0629 \u0644\u062a\u063a\u0644\u064a\u0641 \u0627\u0644\u0645\u0646\u062a\u062c\u0627\u062a \u0627\u0644\u0635\u0646\u0627\u0639\u064a\u0629.<\/span><\/p><\/div><\/a><\/div><\/div><div id=\"et-icon-box-249\" class=\"link et-icon-box et-item icon-position-top icon-alignment-left hover-transform\" data-parallax=\"false\" data-move=\"false\" data-coordinatex=\"0\" data-coordinatey=\"0\" data-speed=\"10\"><div class=\"et-icon-box-inner et-item-inner et-clearfix\"><a href=\"#link\"><div class=\"et-icon-content et-clearfix\"><h4 class=\"et-icon-box-title\">\u0641\u064a\u0644\u0645 \u062a\u063a\u0644\u064a\u0641 \u062b\u0644\u0627\u062b\u064a \u0627\u0644\u0637\u0628\u0642\u0627\u062a<\/h4><p class=\"et-icon-box-content\"><span style=\"font-weight: 400;\"><img loading=\"lazy\" decoding=\"async\" class=\"alignnone size-medium wp-image-18188\" src=\"https:\/\/soexplast.com\/wp-content\/uploads\/fef8f8e3-87b6-44f5-b430-36fc821c7317-300x298.png\" alt=\"\" width=\"300\" height=\"298\" \/>\u0623\u0641\u0644\u0627\u0645 \u0639\u0627\u0644\u064a\u0629 \u0627\u0644\u0623\u062f\u0627\u0621 \u0645\u0635\u0645\u0645\u0629 \u0644\u062a\u0648\u0641\u064a\u0631 \u062d\u0645\u0627\u064a\u0629 \u0625\u0636\u0627\u0641\u064a\u0629 \u0648\u062d\u0627\u062c\u0632 \u0636\u062f \u0627\u0644\u0645\u0644\u0648\u062b\u0627\u062a.<\/span><\/p><\/div><\/a><\/div><\/div><div id=\"et-icon-box-829665\" class=\"link et-icon-box et-item icon-position-top icon-alignment-left hover-transform\" data-parallax=\"false\" data-move=\"false\" data-coordinatex=\"0\" data-coordinatey=\"0\" data-speed=\"10\"><div class=\"et-icon-box-inner et-item-inner et-clearfix\"><a href=\"#link\"><div class=\"et-icon-content et-clearfix\"><h4 class=\"et-icon-box-title\">\u0623\u063a\u0637\u064a\u0629 \u0642\u0627\u0628\u0644\u0629 \u0644\u0644\u062a\u0645\u062f\u062f<\/h4><p class=\"et-icon-box-content\"><span style=\"font-weight: 400;\"><img loading=\"lazy\" decoding=\"async\" class=\"alignnone size-medium wp-image-18187\" src=\"https:\/\/soexplast.com\/wp-content\/uploads\/bb2036d0-e7e2-4702-a480-b86161f7caae-300x200.png\" alt=\"\" width=\"300\" height=\"200\" \/><\/span><\/p>\n<p>\u0642\u0645 \u0628\u062d\u0645\u0627\u064a\u0629 \u0645\u0646\u062a\u062c\u0627\u062a\u0643 \u0628\u0634\u0643\u0644 \u0641\u0639\u0627\u0644 \u0636\u062f \u0627\u0644\u063a\u0628\u0627\u0631 \u0648\u0627\u0644\u0631\u0637\u0648\u0628\u0629 \u0648\u0627\u0644\u0628\u0642\u0639 \u0628\u0627\u0633\u062a\u062e\u062f\u0627\u0645 \u0647\u0630\u0627 \u0627\u0644\u063a\u0637\u0627\u0621 \u0627\u0644\u0645\u0631\u0646 \u0627\u0644\u0639\u0645\u0644\u064a \u0644\u0644\u063a\u0627\u064a\u0629! \u0645\u0635\u0646\u0648\u0639 \u0645\u0646 \u0641\u064a\u0644\u0645 \u0628\u0644\u0627\u0633\u062a\u064a\u0643\u064a \u0642\u0648\u064a \u0648\u0645\u0631\u0646\u060c \u064a\u062a\u0646\u0627\u0633\u0628 \u062a\u0645\u0627\u0645\u064b\u0627 \u0645\u0639 \u0634\u0643\u0644 \u0627\u0644\u0623\u0634\u064a\u0627\u0621 \u0644\u062f\u064a\u0643\u060c \u0645\u0645\u0627 \u064a\u0636\u0645\u0646 \u062a\u063a\u0637\u064a\u0629 \u0645\u062d\u0643\u0645\u0629 \u0648\u0645\u062d\u0643\u0645\u0629.<\/p><\/div><\/a><\/div><\/div><\/div>\t\t<\/div>\n\t\t\t<\/div>\n<\/div>\t<\/div>\n\t<div class=\"top-gradient gradient\"><\/div><div class=\"grid-overlay\"><\/div>\t<\/div>\n<\/div>","protected":false},"excerpt":{"rendered":"NOS PRODUITSFilm Thermo-r\u00e9tractable Film de haute qualit\u00e9 utilis\u00e9e pour l'emballage et la pr\u00e9sentation professionnelle de produits divers, con\u00e7u pour se r\u00e9tracter et s'adapter \u00e9troitement \u00e0 la forme d'un objet lorsqu'il est expos\u00e9 \u00e0 la chaleur garantissant une protection contre les d\u00e9g\u00e2ts physiques, la poussi\u00e8re, l'humidit\u00e9, stabiliser et prot\u00e9ger les marchandises durant le transport, aspect attractifs [...]","protected":false},"author":1,"featured_media":0,"parent":0,"menu_order":0,"comment_status":"closed","ping_status":"closed","template":"page-vc.php","meta":{"_monsterinsights_skip_tracking":false,"_monsterinsights_sitenote_active":false,"_monsterinsights_sitenote_note":"","_monsterinsights_sitenote_category":0,"footnotes":""},"class_list":["post-8457","page","type-page","status-publish","hentry"],"aioseo_notices":[],"_links":{"self":[{"href":"https:\/\/soexplast.com\/ar\/wp-json\/wp\/v2\/pages\/8457","targetHints":{"allow":["GET"]}}],"collection":[{"href":"https:\/\/soexplast.com\/ar\/wp-json\/wp\/v2\/pages"}],"about":[{"href":"https:\/\/soexplast.com\/ar\/wp-json\/wp\/v2\/types\/page"}],"author":[{"embeddable":true,"href":"https:\/\/soexplast.com\/ar\/wp-json\/wp\/v2\/users\/1"}],"replies":[{"embeddable":true,"href":"https:\/\/soexplast.com\/ar\/wp-json\/wp\/v2\/comments?post=8457"}],"version-history":[{"count":8,"href":"https:\/\/soexplast.com\/ar\/wp-json\/wp\/v2\/pages\/8457\/revisions"}],"predecessor-version":[{"id":18394,"href":"https:\/\/soexplast.com\/ar\/wp-json\/wp\/v2\/pages\/8457\/revisions\/18394"}],"wp:attachment":[{"href":"https:\/\/soexplast.com\/ar\/wp-json\/wp\/v2\/media?parent=8457"}],"curies":[{"name":"wp","href":"https:\/\/api.w.org\/{rel}","templated":true}]}}