{"id":8102,"date":"2018-02-28T07:40:59","date_gmt":"2018-02-28T07:40:59","guid":{"rendered":"https:\/\/enovathemes.com\/samatex\/?page_id=8102"},"modified":"2025-07-02T10:08:02","modified_gmt":"2025-07-02T10:08:02","slug":"contact-us","status":"publish","type":"page","link":"https:\/\/soexplast.com\/ar\/contact-us\/","title":{"rendered":"CONTACTEZ-NOUS"},"content":{"rendered":"<div class=\"wpb-content-wrapper\"><div class=\"vc_row wpb_row vc_row-fluid vc_column-gap-24\" >\n\t<div class=\"container et-clearfix\">\n\t\t<div class=\"wpb_column vc_column_container vc_col-sm-12 text-align-none\" >\n\t<div class=\"vc_column-inner\" >\n\t\t<div class=\"wpb_wrapper\">\n\t\t\t<div class=\"wpb_gmaps_widget wpb_content_element\"><div class=\"wpb_wrapper\"><div class=\"wpb_map_wraper\"><iframe src=\"https:\/\/www.google.com\/maps\/embed?pb=!1m18!1m12!1m3!1d3216.7313709781683!2d2.7164322999999992!3d36.2703002!2m3!1f0!2f0!3f0!3m2!1i1024!2i768!4f13.1!3m3!1m2!1s0x128f6b2f6c74bf45%3A0x90e6888b02e34263!2sSOEXPLAST!5e0!3m2!1sen!2sdz!4v1741988503798!5m2!1sen!2sdz\" width=\"600\" height=\"640\" style=\"border:0;\" allowfullscreen=\"\" loading=\"lazy\" referrerpolicy=\"no-referrer-when-downgrade\"><\/iframe><\/div><\/div><\/div><span class=\"et-gap et-clearfix et-gap-78450\"><\/span>\t\t<\/div>\n\t\t\t<\/div>\n<\/div>\t<\/div>\n\t\t<\/div><div class=\"vc_row wpb_row vc_row-fluid vc_custom_1548944801062 vc_column-gap-56 vc-row-43087\" >\n\t<div class=\"container et-clearfix\">\n\t\t<div class=\"wpb_column vc_column_container vc_col-sm-8 text-align-none\" >\n\t<div class=\"vc_column-inner\" >\n\t\t<div class=\"wpb_wrapper\">\n\t\t\t\n<div class=\"wpcf7 no-js\" id=\"wpcf7-f8-o1\" lang=\"en-US\" dir=\"ltr\" data-wpcf7-id=\"8\">\n<div class=\"screen-reader-response\"><p role=\"status\" aria-live=\"polite\" aria-atomic=\"true\"><\/p> <ul><\/ul><\/div>\n<form action=\"\/ar\/wp-json\/wp\/v2\/pages\/8102#wpcf7-f8-o1\" method=\"post\" class=\"wpcf7-form init\" aria-label=\"Contact form\" novalidate=\"novalidate\" data-status=\"init\" data-trp-original-action=\"\/ar\/wp-json\/wp\/v2\/pages\/8102#wpcf7-f8-o1\">\n<div style=\"display: none;\">\n<input type=\"hidden\" name=\"_wpcf7\" value=\"8\" \/>\n<input type=\"hidden\" name=\"_wpcf7_version\" value=\"6.0.5\" \/>\n<input type=\"hidden\" name=\"_wpcf7_locale\" value=\"en_US\" \/>\n<input type=\"hidden\" name=\"_wpcf7_unit_tag\" value=\"wpcf7-f8-o1\" \/>\n<input type=\"hidden\" name=\"_wpcf7_container_post\" value=\"0\" \/>\n<input type=\"hidden\" name=\"_wpcf7_posted_data_hash\" value=\"\" \/>\n<\/div>\n<p><label> Votre nom<br \/>\n<span class=\"wpcf7-form-control-wrap\" data-name=\"your-name\"><input size=\"40\" maxlength=\"400\" class=\"wpcf7-form-control wpcf7-text wpcf7-validates-as-required\" autocomplete=\"name\" aria-required=\"true\" aria-invalid=\"false\" value=\"\" type=\"text\" name=\"your-name\" \/><\/span> <\/label>\n<\/p>\n<p><label> Votre adresse e-mail<br \/>\n<span class=\"wpcf7-form-control-wrap\" data-name=\"your-email\"><input size=\"40\" maxlength=\"400\" class=\"wpcf7-form-control wpcf7-email wpcf7-validates-as-required wpcf7-text wpcf7-validates-as-email\" autocomplete=\"email\" aria-required=\"true\" aria-invalid=\"false\" value=\"\" type=\"email\" name=\"your-email\" \/><\/span> <\/label>\n<\/p>\n<p><label> Sujet<br \/>\n<span class=\"wpcf7-form-control-wrap\" data-name=\"your-subject\"><input size=\"40\" maxlength=\"400\" class=\"wpcf7-form-control wpcf7-text wpcf7-validates-as-required\" aria-required=\"true\" aria-invalid=\"false\" value=\"\" type=\"text\" name=\"your-subject\" \/><\/span> <\/label>\n<\/p>\n<p><label> Votre message (optionnel)<br \/>\n<span class=\"wpcf7-form-control-wrap\" data-name=\"your-message\"><textarea cols=\"40\" rows=\"10\" maxlength=\"2000\" class=\"wpcf7-form-control wpcf7-textarea\" aria-invalid=\"false\" name=\"your-message\"><\/textarea><\/span> <\/label>\n<\/p>\n<p><input class=\"wpcf7-form-control wpcf7-submit has-spinner\" type=\"submit\" value=\"Envoyer\" \/>\n<\/p><p style=\"display: none !important;\" class=\"akismet-fields-container\" data-prefix=\"_wpcf7_ak_\"><label>&#916;<textarea name=\"_wpcf7_ak_hp_textarea\" cols=\"45\" rows=\"8\" maxlength=\"100\"><\/textarea><\/label><input type=\"hidden\" id=\"ak_js_1\" name=\"_wpcf7_ak_js\" value=\"126\"\/><script>document.getElementById( \"ak_js_1\" ).setAttribute( \"value\", ( new Date() ).getTime() );<\/script><\/p><div class=\"wpcf7-response-output\" aria-hidden=\"true\"><\/div>\n<input type=\"hidden\" name=\"trp-form-language\" value=\"ar\"\/><\/form>\n<\/div>\n\t\t<\/div>\n\t\t\t<\/div>\n<\/div><div class=\"wpb_column vc_column_container vc_col-sm-4 text-align-none\" >\n\t<div class=\"vc_column-inner\" >\n\t\t<div class=\"wpb_wrapper\">\n\t\t\t<h6 class=\"et-heading text-align-left tablet-text-align-inherit mobile-text-align-inherit animate-false no-animation-type\" id=\"et-heading-928303\" data-delay=\"0\" data-mobile-font=\"inherit\" data-mobile-line-height=\"inherit\" data-tablet-landscape-font=\"inherit\" data-tablet-portrait-font=\"inherit\" data-tablet-landscape-line-height=\"inherit\" data-tablet-portrait-line-height=\"inherit\" data-parallax=\"false\" data-move=\"false\" data-coordinatex=\"0\" data-coordinatey=\"0\" data-speed=\"10\"><span class=\"text-wrapper\"><span class=\"text\">\u062f\u0639\u0648\u0646\u0627 \u0646\u0628\u0642\u0649 \u0639\u0644\u0649 \u062a\u0648\u0627\u0635\u0644: \u0646\u062d\u0646 \u0647\u0646\u0627 \u0645\u0646 \u0623\u062c\u0644\u0643!<\/span><\/span><\/h6><span class=\"et-gap et-clearfix et-gap-756832\"><\/span><p class=\"et-heading text-align-left tablet-text-align-inherit mobile-text-align-inherit animate-false no-animation-type\" id=\"et-heading-527501\" data-delay=\"0\" data-mobile-font=\"inherit\" data-mobile-line-height=\"inherit\" data-tablet-landscape-font=\"inherit\" data-tablet-portrait-font=\"inherit\" data-tablet-landscape-line-height=\"inherit\" data-tablet-portrait-line-height=\"inherit\" data-parallax=\"false\" data-move=\"false\" data-coordinatex=\"0\" data-coordinatey=\"0\" data-speed=\"10\"><span class=\"text-wrapper\"><span class=\"text\">\u0633\u0648\u0627\u0621 \u0643\u0627\u0646 \u0644\u062f\u064a\u0643 \u0633\u0624\u0627\u0644\u060c \u0623\u0648 \u062a\u062d\u062a\u0627\u062c \u0625\u0644\u0649 \u062d\u0644 \u062a\u063a\u0644\u064a\u0641 \u0645\u062e\u0635\u0635\u060c \u0623\u0648 \u0643\u0646\u062a \u062a\u0631\u064a\u062f \u0628\u0628\u0633\u0627\u0637\u0629 \u0645\u0639\u0631\u0641\u0629 \u0627\u0644\u0645\u0632\u064a\u062f \u0639\u0646 \u0645\u0646\u062a\u062c\u0627\u062a\u0646\u0627\u060c \u0641\u0625\u0646 \u0641\u0631\u064a\u0642\u0646\u0627 \u062c\u0627\u0647\u0632 \u0644\u0644\u0631\u062f \u0628\u0633\u0631\u0639\u0629 \u0648\u0643\u0641\u0627\u0621\u0629.<\/span><\/span><\/p><div class=\"et-separator et-clearfix animate-false dashed left horizontal et-separator-887310\" data-delay=\"\"><div class=\"line\"><\/div><\/div><h6 class=\"et-heading text-align-left tablet-text-align-inherit mobile-text-align-inherit animate-false no-animation-type\" id=\"et-heading-233253\" data-delay=\"0\" data-mobile-font=\"inherit\" data-mobile-line-height=\"inherit\" data-tablet-landscape-font=\"inherit\" data-tablet-portrait-font=\"inherit\" data-tablet-landscape-line-height=\"inherit\" data-tablet-portrait-line-height=\"inherit\" data-parallax=\"false\" data-move=\"false\" data-coordinatex=\"0\" data-coordinatey=\"0\" data-speed=\"10\"><span class=\"text-wrapper\"><span class=\"text\">\u0647\u0627\u062a\u0641<\/span><\/span><\/h6><span class=\"et-gap et-clearfix et-gap-630497\"><\/span><p class=\"et-heading text-align-left tablet-text-align-inherit mobile-text-align-inherit animate-false no-animation-type\" id=\"et-heading-347850\" data-delay=\"0\" data-mobile-font=\"inherit\" data-mobile-line-height=\"inherit\" data-tablet-landscape-font=\"inherit\" data-tablet-portrait-font=\"inherit\" data-tablet-landscape-line-height=\"inherit\" data-tablet-portrait-line-height=\"inherit\" data-parallax=\"false\" data-move=\"false\" data-coordinatex=\"0\" data-coordinatey=\"0\" data-speed=\"10\"><span class=\"text-wrapper\"><span class=\"text\">\u0642\u0633\u0645 \u0648\u0633\u0627\u0626\u0644 \u0627\u0644\u062a\u0648\u0627\u0635\u0644 \u0627\u0644\u0627\u062c\u062a\u0645\u0627\u0639\u064a:<br \/>\n\u062a\u0627\u0628\u0639\u0648\u0646\u0627 \u0639\u0644\u0649 \u0634\u0628\u0643\u0627\u062a \u0627\u0644\u062a\u0648\u0627\u0635\u0644 \u0627\u0644\u0627\u062c\u062a\u0645\u0627\u0639\u064a \u0627\u0644\u062e\u0627\u0635\u0629 \u0628\u0646\u0627 \u0644\u062a\u0643\u062a\u0634\u0641 \u0623\u062d\u062f\u062b \u0623\u062e\u0628\u0627\u0631\u0646\u0627 \u0648\u0646\u0635\u0627\u0626\u062d\u0646\u0627 \u0627\u0644\u0645\u0647\u0646\u064a\u0629.<br \/>\n\u0641\u064a\u0633\u0628\u0648\u0643\u060c \u0644\u064a\u0646\u0643\u062f\u0625\u0646\u060c \u0648\u0627\u062f\u0643\u0646\u064a\u0633<br \/>\n\u0628\u0635\u0631\u064a\u0629 \u0648\u062c\u0630\u0627\u0628\u0629<\/p>\n<p>\u0645\u062f\u064a\u0631 \u0627\u0644\u0645\u0628\u064a\u0639\u0627\u062a  .0550646867<\/p>\n<p>\u0627\u0644\u0639\u0646\u0648\u0627\u0646\/\u0627\u0644\u0645\u0643\u062a\u0628 \u0627\u0644\u0631\u0626\u064a\u0633\u064a:<br \/>\nZ.I Draa_Smar M\u00e9d\u00e9a BP N\u00b0 :128 M\u00e9d\u00e9a-Alg\u00e9rie<\/p>\n<p>GPS :  https:\/\/maps.app.goo.gl\/dwVC3nJksjpYCD426<\/p>\n<p>025 79 67 52\/31<br \/>\n025 79 67 98<br \/>\n\u0645\u062f\u064a\u0631 \u0627\u0644\u0645\u0628\u064a\u0639\u0627\u062a  .0550646867<\/p>\n<p>\u062a\u0633\u0648\u064a\u0642 \u0627\u0644\u0645\u0628\u064a\u0639\u0627\u062a: 0560241027<br \/>\n\u0648\u0627\u062a\u0633 \u0627\u0628  \u0627\u0644\u062a\u0633\u0648\u064a\u0642 0560279003<\/span><\/span><\/p><div class=\"et-separator et-clearfix animate-false dashed left horizontal et-separator-887310\" data-delay=\"\"><div class=\"line\"><\/div><\/div><h6 class=\"et-heading text-align-left tablet-text-align-inherit mobile-text-align-inherit animate-false no-animation-type\" id=\"et-heading-719937\" data-delay=\"0\" data-mobile-font=\"inherit\" data-mobile-line-height=\"inherit\" data-tablet-landscape-font=\"inherit\" data-tablet-portrait-font=\"inherit\" data-tablet-landscape-line-height=\"inherit\" data-tablet-portrait-line-height=\"inherit\" data-parallax=\"false\" data-move=\"false\" data-coordinatex=\"0\" data-coordinatey=\"0\" data-speed=\"10\"><span class=\"text-wrapper\"><span class=\"text\">\u0631\u0648\u0627\u0628\u0637 \u0645\u0648\u0627\u0642\u0639 \u0627\u0644\u062a\u0648\u0627\u0635\u0644 \u0644\u0627\u062c\u062a\u0645\u0627\u0639\u064a<\/span><\/span><\/h6><span class=\"et-gap et-clearfix et-gap-809605\"><\/span><div id=\"et-social-links-623273\" class=\"et-social-links styling-original-false shadow-true\"><a class=\"ien-linkedin\" href=\"https:\/\/www.linkedin.com\/company\/86943371\" target=\"_self\"><\/a><a class=\"ien-facebook\" href=\"https:\/\/www.facebook.com\/soexplast\" target=\"_self\"><\/a><a class=\"ien-email\" href=\"mailto:contact@soexplast.com\" target=\"_self\"><\/a><\/div>\t\t<\/div>\n\t\t\t<\/div>\n<\/div>\t<\/div>\n\t\t<\/div>\n<\/div>","protected":false},"excerpt":{"rendered":"Votre nom Votre adresse e-mail Sujet Votre message (optionnel) &#916; Restons en contact : Nous sommes l\u00e0 pour vous !Que vous ayez une question, besoin d\u2019une solution d\u2019emballage personnalis\u00e9e ou simplement envie d\u2019en savoir plus sur nos produits, notre \u00e9quipe est pr\u00eate \u00e0 vous r\u00e9pondre rapidement et efficacementTelephoneSection R\u00e9seaux Sociaux : Suivez-nous sur nos r\u00e9seaux [...]","protected":false},"author":1,"featured_media":0,"parent":0,"menu_order":0,"comment_status":"closed","ping_status":"closed","template":"page-vc.php","meta":{"_monsterinsights_skip_tracking":false,"_monsterinsights_sitenote_active":false,"_monsterinsights_sitenote_note":"","_monsterinsights_sitenote_category":0,"footnotes":""},"class_list":["post-8102","page","type-page","status-publish","hentry"],"aioseo_notices":[],"_links":{"self":[{"href":"https:\/\/soexplast.com\/ar\/wp-json\/wp\/v2\/pages\/8102","targetHints":{"allow":["GET"]}}],"collection":[{"href":"https:\/\/soexplast.com\/ar\/wp-json\/wp\/v2\/pages"}],"about":[{"href":"https:\/\/soexplast.com\/ar\/wp-json\/wp\/v2\/types\/page"}],"author":[{"embeddable":true,"href":"https:\/\/soexplast.com\/ar\/wp-json\/wp\/v2\/users\/1"}],"replies":[{"embeddable":true,"href":"https:\/\/soexplast.com\/ar\/wp-json\/wp\/v2\/comments?post=8102"}],"version-history":[{"count":10,"href":"https:\/\/soexplast.com\/ar\/wp-json\/wp\/v2\/pages\/8102\/revisions"}],"predecessor-version":[{"id":18392,"href":"https:\/\/soexplast.com\/ar\/wp-json\/wp\/v2\/pages\/8102\/revisions\/18392"}],"wp:attachment":[{"href":"https:\/\/soexplast.com\/ar\/wp-json\/wp\/v2\/media?parent=8102"}],"curies":[{"name":"wp","href":"https:\/\/api.w.org\/{rel}","templated":true}]}}