{"id":8096,"date":"2018-02-28T07:40:29","date_gmt":"2018-02-28T07:40:29","guid":{"rendered":"https:\/\/enovathemes.com\/samatex\/?page_id=8096"},"modified":"2025-07-02T10:06:08","modified_gmt":"2025-07-02T10:06:08","slug":"about-us","status":"publish","type":"page","link":"https:\/\/soexplast.com\/ar\/about-us\/","title":{"rendered":"A PROPOS DE NOUS"},"content":{"rendered":"<div class=\"wpb-content-wrapper\"><div id=\"one-page-about-us\" class=\"vc_row wpb_row vc_row-fluid vc_custom_1548927301070 vc_column-gap-40 vc_row-o-equal-height vc_row-o-content-middle vc_row-flex vc-row-895324\" >\n\t<div class=\"container et-clearfix\">\n\t\t<div class=\"wpb_animate_when_almost_visible wpb_bottom-to-top bottom-to-top wpb_column vc_column_container vc_col-sm-12 vc_col-lg-6 vc_col-md-12 vc_col-xs-12 text-align-none vc-column-843083\" data-animation-delay=\"0\" >\n\t<div class=\"vc_column-inner\" data-1024-1280-left=\"15\"  data-1024-1280-right=\"15\" >\n\t\t<div class=\"wpb_wrapper\">\n\t\t\t<span class=\"et-gap et-clearfix et-gap-890689 hide1280\"><\/span>\n\t<div class=\"wpb_video_widget wpb_content_element vc_clearfix   vc_video-aspect-ratio-169 vc_video-el-width-100 vc_video-align-left\" >\n\t\t<div class=\"wpb_wrapper\">\n\t\t\t\n\t\t\t<div class=\"wpb_video_wrapper\"><iframe loading=\"lazy\" title=\"\u0641\u064a\u062f\u064a\u0648 \u0645\u0624\u0633\u0633\u0627\u062a\u064a \u0644\u0634\u0631\u0643\u0629 SOEXPLAST \u0628\u0627\u0644\u0639\u0631\u0628\u064a\u0629\" width=\"500\" height=\"281\" src=\"https:\/\/www.youtube.com\/embed\/ujhVRWJdZsU?feature=oembed\" frameborder=\"0\" allow=\"accelerometer; autoplay; clipboard-write; encrypted-media; gyroscope; picture-in-picture; web-share\" referrerpolicy=\"strict-origin-when-cross-origin\" allowfullscreen><\/iframe><\/div>\n\t\t<\/div>\n\t<\/div>\n\t\t<\/div>\n\t\t\t<\/div>\n<\/div><div class=\"wpb_animate_when_almost_visible wpb_top-to-bottom top-to-bottom wpb_column vc_column_container vc_col-sm-12 vc_col-lg-6 vc_col-md-12 vc_col-xs-12 text-align-none vc-column-504275\" data-animation-delay=\"150\" >\n\t<div class=\"vc_column-inner\" data-1024-1280-left=\"15\"  data-1024-1280-right=\"15\" >\n\t\t<div class=\"wpb_wrapper\">\n\t\t\t<h3 class=\"et-heading text-align-left tablet-text-align-inherit mobile-text-align-inherit animate-false no-animation-type\" id=\"et-heading-393100\" data-delay=\"0\" data-mobile-font=\"56px\" data-mobile-line-height=\"inherit\" data-tablet-landscape-font=\"inherit\" data-tablet-portrait-font=\"inherit\" data-tablet-landscape-line-height=\"inherit\" data-tablet-portrait-line-height=\"inherit\" data-parallax=\"false\" data-move=\"false\" data-coordinatex=\"0\" data-coordinatey=\"0\" data-speed=\"10\"><span class=\"text-wrapper\"><span class=\"text\">\u00c0 Propos de Nous<\/span><\/span><\/h3><span class=\"et-gap et-clearfix et-gap-763853\"><\/span><span class=\"et-gap et-clearfix et-gap-138704\"><\/span>\n<div class=\"wpb_text_column wpb_content_element\"  data-animation-delay=\"0\">\n\t<div class=\"wpb_wrapper\">\n\t\t<span class=\"et-font-size\" data-fontsize=\"24px\" data-lineheight=\"32px\"><\/p>\n<p><span style=\"font-weight: 400; color: #000000;\">\u0645\u0646\u0630 \u0639\u0627\u0645 1980\u060c \u0646\u0641\u062e\u0631 \u0628\u062a\u0642\u062f\u064a\u0645 \u062d\u0644\u0648\u0644 \u0627\u0644\u062a\u0639\u0628\u0626\u0629 \u0648\u0627\u0644\u062a\u063a\u0644\u064a\u0641 \u0627\u0644\u0645\u062a\u0645\u064a\u0632\u0629 \u0627\u0644\u0645\u0635\u0645\u0645\u0629 \u062e\u0635\u064a\u0635\u064b\u0627 \u0644\u062a\u0644\u0628\u064a\u0629 \u0627\u062d\u062a\u064a\u0627\u062c\u0627\u062a \u0627\u0644\u0645\u062d\u062a\u0631\u0641\u064a\u0646 \u0648\u0627\u0644\u0623\u0641\u0631\u0627\u062f. \u062e\u0628\u0631\u062a\u0646\u0627 \u0648\u0627\u0644\u062a\u0632\u0627\u0645\u0646\u0627 \u0628\u0627\u0644\u062c\u0648\u062f\u0629 \u064a\u0636\u0639\u0646\u0627 \u0643\u0644\u0627\u0639\u0628 \u0631\u0626\u064a\u0633\u064a \u0641\u064a \u0645\u062c\u0627\u0644 \u0627\u0644\u0623\u0641\u0644\u0627\u0645 \u0627\u0644\u0628\u0644\u0627\u0633\u062a\u064a\u0643\u064a\u0629 \u0648\u062d\u0644\u0648\u0644 \u0627\u0644\u062a\u0639\u0628\u0626\u0629 \u0648\u0627\u0644\u062a\u063a\u0644\u064a\u0641.<\/span><\/p>\n<p><span style=\"color: #000000;\">.<\/span><\/span>\n\t<\/div>\n<\/div>\n\n\t\t<\/div>\n\t\t\t<\/div>\n<\/div>\t<\/div>\n\t\t<\/div><div data-grid-overlay=\"black\" class=\"vc_row wpb_row vc_row-fluid vc_custom_1548925835685 vc-row-767292 grid-overlay-active\" >\n\t<div class=\"container et-clearfix\">\n\t\t<div class=\"wpb_column vc_column_container vc_col-sm-3 text-align-none\" >\n\t<div class=\"vc_column-inner\" >\n\t\t<div class=\"wpb_wrapper\">\n\t\t\t\t\t<\/div>\n\t\t\t<\/div>\n<\/div><div class=\"wpb_animate_when_almost_visible wpb_bottom-to-top bottom-to-top wpb_column vc_column_container vc_col-sm-6 text-align-none vc-column-813566\" data-animation-delay=\"0\" >\n\t<div class=\"vc_column-inner\" >\n\t\t<div class=\"wpb_wrapper\">\n\t\t\t<span class=\"et-gap et-clearfix et-gap-713538\"><\/span><p class=\"et-heading text-align-center tablet-text-align-inherit mobile-text-align-inherit animate-true words-direct\" id=\"et-heading-34306\" data-delay=\"100\" data-mobile-font=\"32px\" data-mobile-line-height=\"inherit\" data-tablet-landscape-font=\"inherit\" data-tablet-portrait-font=\"inherit\" data-tablet-landscape-line-height=\"inherit\" data-tablet-portrait-line-height=\"inherit\" data-parallax=\"false\" data-move=\"false\" data-coordinatex=\"0\" data-coordinatey=\"0\" data-speed=\"10\"><span class=\"text-wrapper\"><span class=\"text\">Nos Valeurs<span class=\"highlight\" style=\"color: #ffd311;\"><\/span><\/span><\/p><span class=\"et-gap et-clearfix et-gap-215346\"><\/span>\t\t<\/div>\n\t\t\t<\/div>\n<\/div><div class=\"wpb_column vc_column_container vc_col-sm-3 text-align-none\" >\n\t<div class=\"vc_column-inner\" >\n\t\t<div class=\"wpb_wrapper\">\n\t\t\t\t\t<\/div>\n\t\t\t<\/div>\n<\/div>\t<\/div>\n\t<div class=\"grid-overlay\"><\/div>\t<\/div><div data-grid-overlay=\"black\" class=\"vc_row wpb_row vc_row-fluid vc_custom_1548927243306 vc_column-gap-24 vc-row-233081 grid-overlay-active\" >\n\t<div class=\"container et-clearfix\">\n\t\t<div class=\"wpb_column vc_column_container vc_col-sm-12 text-align-none\" >\n\t<div class=\"vc_column-inner\" >\n\t\t<div class=\"wpb_wrapper\">\n\t\t\t<div id=\"et-step-box-container-273306\" class=\"column-1 et-step-box-container\"><div id=\"et-step-box-875294\" class=\"et-step-box et-item\"><div class=\"et-step-box-inner et-item-inner et-clearfix\"><div class=\"et-step-content et-clearfix\"><div class=\"step-dot\"><span class=\"before\"><\/span><\/div><h3 class=\"et-step-box-title\">\u0627\u0628\u062a\u0643\u0627\u0631<\/h3><p class=\"et-step-box-content\"><span class=\"et-font-size\" data-fontsize=\"18px\" data-lineheight=\"28px\">\n<p><span style=\"font-weight: 400; color: #000000;\">\u0646\u0633\u062a\u0645\u0639 \u062f\u0627\u0626\u0645\u064b\u0627 \u0625\u0644\u0649 \u0623\u062d\u062f\u062b \u0627\u0644\u0627\u062a\u062c\u0627\u0647\u0627\u062a \u0644\u062a\u0642\u062f\u064a\u0645 \u0627\u0644\u062d\u0644\u0648\u0644 \u0627\u0644\u0645\u0646\u0627\u0633\u0628\u0629.<\/span><\/p>\n<p><span style=\"font-weight: 600;\">.<\/span><\/span><\/p><\/div><\/div><\/div><div id=\"et-step-box-135898\" class=\"et-step-box et-item\"><div class=\"et-step-box-inner et-item-inner et-clearfix\"><div class=\"et-step-content et-clearfix\"><div class=\"step-dot\"><span class=\"before\"><\/span><\/div><h3 class=\"et-step-box-title\">\u0627\u0644\u062c\u0648\u062f\u0629<\/h3><p class=\"et-step-box-content\"><span class=\"et-font-size\" data-fontsize=\"18px\" data-lineheight=\"28px\">\n<p><span style=\"font-weight: 400; color: #000000;\">\u0645\u0646\u062a\u062c\u0627\u062a \u062a\u062a\u0648\u0627\u0641\u0642 \u0645\u0639 \u0627\u0644\u0645\u0639\u0627\u064a\u064a\u0631 \u0627\u0644\u062f\u0648\u0644\u064a\u0629 \u0644\u0636\u0645\u0627\u0646 \u0631\u0636\u0627 \u0627\u0644\u0639\u0645\u0644\u0627\u0621.<\/span><\/p>\n<p><span style=\"font-weight: 600;\">.<\/span><\/span><\/p><\/div><\/div><\/div><div id=\"et-step-box-750765\" class=\"et-step-box et-item\"><div class=\"et-step-box-inner et-item-inner et-clearfix\"><div class=\"et-step-content et-clearfix\"><div class=\"step-dot\"><span class=\"before\"><\/span><\/div><h3 class=\"et-step-box-title\">\u0628\u064a\u0626\u0629<\/h3><p class=\"et-step-box-content\"><span class=\"et-font-size\" data-fontsize=\"18px\" data-lineheight=\"28px\">\n<p><span style=\"font-weight: 400; color: #000000;\">\u0625\u0646 \u0627\u062d\u062a\u0631\u0627\u0645 \u0627\u0644\u062c\u0627\u0646\u0628 \u0627\u0644\u0628\u064a\u0626\u064a \u064a\u0634\u0643\u0644 \u0623\u0648\u0644\u0648\u064a\u0629 \u0628\u0627\u0644\u0646\u0633\u0628\u0629 \u0644\u0646\u0627.<\/span><\/p>\n<p><span style=\"font-weight: 600;\">.<\/span><\/span><\/p><\/div><\/div><\/div><div id=\"et-step-box-366342\" class=\"et-step-box et-item\"><div class=\"et-step-box-inner et-item-inner et-clearfix\"><div class=\"et-step-content et-clearfix\"><div class=\"step-dot\"><span class=\"before\"><\/span><\/div><h3 class=\"et-step-box-title\">\u0627\u0644\u062a\u0632\u0627\u0645<\/h3><p class=\"et-step-box-content\"><span class=\"et-font-size\" data-fontsize=\"18px\" data-lineheight=\"28px\">\n<p><span style=\"font-weight: 400; color: #000000;\">\u0641\u0631\u064a\u0642 \u0645\u062a\u062e\u0635\u0635 \u064a\u0636\u0639 \u0631\u0636\u0627 \u0627\u0644\u0639\u0645\u0644\u0627\u0621 \u0641\u064a \u0642\u0644\u0628 \u0623\u0648\u0644\u0648\u064a\u0627\u062a\u0647.<\/span><\/p>\n<\/span><\/p><\/div><\/div><\/div><\/div>\t\t<\/div>\n\t\t\t<\/div>\n<\/div>\t<\/div>\n\t<div class=\"grid-overlay\"><\/div>\t<\/div><div class=\"vc_row wpb_row vc_row-fluid vc_custom_1548929108394 vc_column-gap-48 vc-row-219628\" >\n\t<div class=\"container et-clearfix\">\n\t\t<div class=\"wpb_animate_when_almost_visible wpb_right-to-left right-to-left wpb_column vc_column_container vc_col-sm-12 vc_col-lg-12 vc_col-md-12 vc_col-xs-12 text-align-none vc-column-187591\" data-animation-delay=\"0\" >\n\t<div class=\"vc_column-inner\" >\n\t\t<div class=\"wpb_wrapper\">\n\t\t\t<div class=\"et-highlight-heading text-align-left tablet-text-align-inherit mobile-text-align-inherit\" id=\"et-highlight-heading-389703\" data-mobile-font=\"inherit\" data-mobile-line-height=\"inherit\" data-tablet-landscape-font=\"inherit\" data-tablet-portrait-font=\"inherit\" data-tablet-landscape-line-height=\"inherit\" data-tablet-portrait-line-height=\"inherit\" data-parallax=\"false\" data-move=\"false\" data-coordinatex=\"0\" data-coordinatey=\"0\" data-speed=\"10\"><span class=\"text-wrapper\"><span class=\"text\">\u062d\u0644\u0648\u0644 \u0633\u0648\u0625\u0643\u0633\u0628\u0644\u0627\u0633\u062a<\/span><\/span><\/div><h3 class=\"et-heading text-align-left tablet-text-align-inherit mobile-text-align-inherit animate-false no-animation-type\" id=\"et-heading-629401\" data-delay=\"0\" data-mobile-font=\"32px\" data-mobile-line-height=\"inherit\" data-tablet-landscape-font=\"inherit\" data-tablet-portrait-font=\"inherit\" data-tablet-landscape-line-height=\"inherit\" data-tablet-portrait-line-height=\"inherit\" data-parallax=\"false\" data-move=\"false\" data-coordinatex=\"0\" data-coordinatey=\"0\" data-speed=\"10\"><span class=\"text-wrapper\"><span class=\"text\">\u062e\u0628\u0631\u062a\u0646\u0627<\/span><\/span><\/h3>\n<div class=\"wpb_text_column wpb_content_element\"  data-animation-delay=\"0\">\n\t<div class=\"wpb_wrapper\">\n\t\t<p><span style=\"font-weight: 400; color: #000000;\">\u0628\u0641\u0636\u0644 \u0633\u0646\u0648\u0627\u062a \u0627\u0644\u062e\u0628\u0631\u0629 \u0641\u064a \u062a\u0635\u0646\u064a\u0639 \u0648\u062a\u0648\u0632\u064a\u0639 \u0627\u0644\u0623\u0641\u0644\u0627\u0645 \u0627\u0644\u0628\u0644\u0627\u0633\u062a\u064a\u0643\u064a\u0629\u060c \u0641\u0625\u0646\u0646\u0627 \u0646\u0642\u062f\u0645 \u0645\u062c\u0645\u0648\u0639\u0629 \u0645\u062a\u0646\u0648\u0639\u0629 \u0645\u0646 \u0627\u0644\u0645\u0646\u062a\u062c\u0627\u062a \u0645\u0646 \u0627\u0644\u0623\u0641\u0644\u0627\u0645 \u0627\u0644\u0632\u0631\u0627\u0639\u064a\u0629 \u0625\u0644\u0649 \u062d\u0644\u0648\u0644 \u0627\u0644\u062a\u063a\u0644\u064a\u0641 \u0627\u0644\u0635\u0646\u0627\u0639\u064a\u0629. \u0628\u0641\u0636\u0644 \u0645\u0631\u0627\u0641\u0642\u0646\u0627 \u0627\u0644\u062d\u062f\u064a\u062b\u0629 \u0648\u0645\u0648\u0638\u0641\u064a\u0646\u0627 \u0627\u0644\u0645\u0624\u0647\u0644\u064a\u0646 \u062a\u0623\u0647\u064a\u0644\u0627 \u0639\u0627\u0644\u064a\u0627\u060c \u0641\u0625\u0646\u0646\u0627 \u0646\u0644\u0628\u064a \u0627\u0644\u0645\u062a\u0637\u0644\u0628\u0627\u062a \u0627\u0644\u0623\u0643\u062b\u0631 \u062a\u062d\u062f\u064a\u062f\u0627 \u0644\u0639\u0645\u0644\u0627\u0626\u0646\u0627.\u00a0<\/span><\/p>\n\t<\/div>\n<\/div>\n\n\t\t<\/div>\n\t\t\t<\/div>\n<\/div>\t<\/div>\n\t\t<\/div>\n<\/div>","protected":false},"excerpt":{"rendered":"\u00c0 Propos de Nous Depuis 1980, nous sommes fiers de fournir des solutions d\u2019emballage haut de gamme adapt\u00e9es aux besoins des professionnels et des particuliers. Notre expertise et notre engagement envers la qualit\u00e9 nous positionnent comme un acteur cl\u00e9 dans le domaine des films plastiques et des solutions d'emballage. . Nos Valeurs Innovation Toujours \u00e0 [...]","protected":false},"author":1,"featured_media":0,"parent":0,"menu_order":0,"comment_status":"closed","ping_status":"closed","template":"page-vc.php","meta":{"_monsterinsights_skip_tracking":false,"_monsterinsights_sitenote_active":false,"_monsterinsights_sitenote_note":"","_monsterinsights_sitenote_category":0,"footnotes":""},"class_list":["post-8096","page","type-page","status-publish","hentry"],"aioseo_notices":[],"_links":{"self":[{"href":"https:\/\/soexplast.com\/ar\/wp-json\/wp\/v2\/pages\/8096","targetHints":{"allow":["GET"]}}],"collection":[{"href":"https:\/\/soexplast.com\/ar\/wp-json\/wp\/v2\/pages"}],"about":[{"href":"https:\/\/soexplast.com\/ar\/wp-json\/wp\/v2\/types\/page"}],"author":[{"embeddable":true,"href":"https:\/\/soexplast.com\/ar\/wp-json\/wp\/v2\/users\/1"}],"replies":[{"embeddable":true,"href":"https:\/\/soexplast.com\/ar\/wp-json\/wp\/v2\/comments?post=8096"}],"version-history":[{"count":6,"href":"https:\/\/soexplast.com\/ar\/wp-json\/wp\/v2\/pages\/8096\/revisions"}],"predecessor-version":[{"id":18391,"href":"https:\/\/soexplast.com\/ar\/wp-json\/wp\/v2\/pages\/8096\/revisions\/18391"}],"wp:attachment":[{"href":"https:\/\/soexplast.com\/ar\/wp-json\/wp\/v2\/media?parent=8096"}],"curies":[{"name":"wp","href":"https:\/\/api.w.org\/{rel}","templated":true}]}}